{"id":136,"date":"2024-02-20T12:28:45","date_gmt":"2024-02-20T15:28:45","guid":{"rendered":"https:\/\/capitanawines.com\/?page_id=136"},"modified":"2024-02-20T12:38:20","modified_gmt":"2024-02-20T15:38:20","slug":"historia","status":"publish","type":"page","link":"https:\/\/capitanawines.com\/index.php\/historia\/","title":{"rendered":"Historia"},"content":{"rendered":"\t\t<div data-elementor-type=\"wp-page\" data-elementor-id=\"136\" class=\"elementor elementor-136\" data-elementor-post-type=\"page\">\n\t\t\t\t<div class=\"elementor-element elementor-element-11c925f e-flex e-con-boxed e-con e-parent\" data-id=\"11c925f\" data-element_type=\"container\">\n\t\t\t\t\t<div class=\"e-con-inner\">\n\t\t<div class=\"elementor-element elementor-element-138d387 e-flex e-con-boxed e-con e-child\" data-id=\"138d387\" data-element_type=\"container\">\n\t\t\t\t\t<div class=\"e-con-inner\">\n\t\t\t\t<div class=\"elementor-element elementor-element-20dc421 elementor-widget elementor-widget-heading\" data-id=\"20dc421\" data-element_type=\"widget\" data-widget_type=\"heading.default\">\n\t\t\t\t<div class=\"elementor-widget-container\">\n\t\t\t\t\t<h2 class=\"elementor-heading-title elementor-size-default\">nuestra<\/h2>\t\t\t\t<\/div>\n\t\t\t\t<\/div>\n\t\t\t\t<div class=\"elementor-element elementor-element-c18cbde elementor-widget elementor-widget-heading\" data-id=\"c18cbde\" data-element_type=\"widget\" data-widget_type=\"heading.default\">\n\t\t\t\t<div class=\"elementor-widget-container\">\n\t\t\t\t\t<h2 class=\"elementor-heading-title elementor-size-default\">Historia<\/h2>\t\t\t\t<\/div>\n\t\t\t\t<\/div>\n\t\t\t\t\t<\/div>\n\t\t\t\t<\/div>\n\t\t\t\t\t<\/div>\n\t\t\t\t<\/div>\n\t\t<div class=\"elementor-element elementor-element-f402b42 e-flex e-con-boxed e-con e-parent\" data-id=\"f402b42\" data-element_type=\"container\">\n\t\t\t\t\t<div class=\"e-con-inner\">\n\t\t<div class=\"elementor-element elementor-element-6f42cec e-flex e-con-boxed e-con e-child\" data-id=\"6f42cec\" data-element_type=\"container\">\n\t\t\t\t\t<div class=\"e-con-inner\">\n\t\t\t\t<div class=\"elementor-element elementor-element-70a3c5c elementor-widget elementor-widget-text-editor\" data-id=\"70a3c5c\" data-element_type=\"widget\" data-widget_type=\"text-editor.default\">\n\t\t\t\t<div class=\"elementor-widget-container\">\n\t\t\t\t\t\t\t\t\t<p>Capitana como todos los vinos tienen su historia, yo te puedo contar la historia de la etiqueta, si queres saber mas, tenes que viajar a Mendoza, recorrer las bodegas, sobretodo la de Calamaco y enamorarte de la historia del vino. Te lo recomiendo, para que cuando te abras una botella sepas que no te est\u00e1s tomando un vinito.. te estas tomando un elixir que llega a tu mesa, despu\u00e9s de un trabajo met\u00f3dico, esfuerzo, sacrificio, dolores de cabeza. Pero con tan apasionado resultado que se convierte en la bebida m\u00e1s fiel y espectacular del planeta!<\/p><p>Pero yo te voy a contar porque este vino se llama Capitana. Esto no es un vino, es un mensaje en una botella.<\/p><p>Cuando necesitas liberarte de alg\u00fan mambo, algunos privilegiados descubrimos c\u00f3mo hacerlo. Algunos corren, otros caminan por la monta\u00f1a, otros leen, otros escriben, lloran\u2026 yo navego. <br \/>Para festejar, para liberarme, para llorar tranquila, para agradecer. Tambi\u00e9n para compartir y para delirar tanto que cuando me pasan cosas no se si son reales o parte de mi delirio. Me gusta flotar, me gusta el agua, me gusta como me pega el aire en la cara, en el cuerpo, me gusta mojarme, me gusta desafiar olas y el clima. Me gusta hacerlo. Esa es la vida.<\/p><p>Vivo navegando\u2026 vos tambi\u00e9n lo haces. Por eso este vino se llama Capitana. Porque todos somos capitanes de nuestra vida. Cada uno lo hace como puede, algunos se sienten felices, otros la buscan constantemente sin ver que ya lo son, y que no se busca m\u00e1s\u2026 la felicidad est\u00e1 ah\u00ed todo el tiempo. Se te puede escapar muchas veces\u2026 lo se. Y la ves cuando realmente estas mal y decis, la puta, si yo ten\u00eda todo, porq no me di cuenta?<\/p><p>Que no sea tarde y se Capitana de tu vida, con las herramientas que tengas\u2026 liberate y disfruta de tu momento. Armalos. Encara la vida como una Capitana, no como un Capit\u00e1n, como una Capitana, que es mas dificil siempre. Aunque seas Capitan, viv\u00ed como una Capitana!<br \/>Ten\u00e9 siempre desaf\u00edos, superate cada d\u00eda, so\u00f1\u00e1, delira, habla solo y anda \u2026 vas a ver que es solo cuesti\u00f3n de actitud. que podes con todo\u2026 todo lo que puedas manejar, manejalo\u2026 no dejes cabos sueltos \u2026y tampoco pretendas que te aten un cabo. <br \/>Se constante en tus ideas y decisiones,&#8230; No pares hasta verte y decir, _ Llegue, puedo m\u00e1s! <br \/>Con o sin tripulantes se Capitana!<\/p><p>Me enorgullece decir que este vino se llama Capitana porque lo soy, y quiero que todos lo sean. Tengo un barco gigante de amores, familia, logros, objetivos cumplidos, tristezas infinitas compartidas y no. Quiero contagiar este mensaje.<\/p><p>Tomate un vino\u2026 relajate, disfrutalo y organiza tu barco. Llegaste hasta ac\u00e1\u2026 \u00bfsabes hasta d\u00f3nde podes llegar? infinito punto negro!!!<\/p><p>\u00a1Delira sin parar cada vez que puedas! y cuando no delires trabaja! y si podes trabajar delirando sos parte de mi tripulaci\u00f3n y yo de la tuya!<br \/>Soy Capitana y te invito a navegar las tormentas de la vida y el amor\u2026 <br \/>CN<\/p>\t\t\t\t\t\t\t\t<\/div>\n\t\t\t\t<\/div>\n\t\t\t\t\t<\/div>\n\t\t\t\t<\/div>\n\t\t\t\t\t<\/div>\n\t\t\t\t<\/div>\n\t\t\t\t<\/div>\n\t\t","protected":false},"excerpt":{"rendered":"<p>nuestra Historia Capitana como todos los vinos tienen su historia, yo te puedo contar la historia de la etiqueta, si [&hellip;]<\/p>\n","protected":false},"author":1,"featured_media":0,"parent":0,"menu_order":0,"comment_status":"closed","ping_status":"closed","template":"","meta":{"om_disable_all_campaigns":false,"_monsterinsights_skip_tracking":false,"_monsterinsights_sitenote_active":false,"_monsterinsights_sitenote_note":"","_monsterinsights_sitenote_category":0,"site-sidebar-layout":"no-sidebar","site-content-layout":"","ast-site-content-layout":"full-width-container","site-content-style":"default","site-sidebar-style":"default","ast-global-header-display":"","ast-banner-title-visibility":"","ast-main-header-display":"","ast-hfb-above-header-display":"","ast-hfb-below-header-display":"","ast-hfb-mobile-header-display":"","site-post-title":"disabled","ast-breadcrumbs-content":"","ast-featured-img":"disabled","footer-sml-layout":"","ast-disable-related-posts":"","theme-transparent-header-meta":"","adv-header-id-meta":"","stick-header-meta":"","header-above-stick-meta":"","header-main-stick-meta":"","header-below-stick-meta":"","astra-migrate-meta-layouts":"default","ast-page-background-enabled":"default","ast-page-background-meta":{"desktop":{"background-color":"var(--ast-global-color-4)","background-image":"","background-repeat":"repeat","background-position":"center center","background-size":"auto","background-attachment":"scroll","background-type":"","background-media":"","overlay-type":"","overlay-color":"","overlay-opacity":"","overlay-gradient":""},"tablet":{"background-color":"","background-image":"","background-repeat":"repeat","background-position":"center center","background-size":"auto","background-attachment":"scroll","background-type":"","background-media":"","overlay-type":"","overlay-color":"","overlay-opacity":"","overlay-gradient":""},"mobile":{"background-color":"","background-image":"","background-repeat":"repeat","background-position":"center center","background-size":"auto","background-attachment":"scroll","background-type":"","background-media":"","overlay-type":"","overlay-color":"","overlay-opacity":"","overlay-gradient":""}},"ast-content-background-meta":{"desktop":{"background-color":"var(--ast-global-color-5)","background-image":"","background-repeat":"repeat","background-position":"center center","background-size":"auto","background-attachment":"scroll","background-type":"","background-media":"","overlay-type":"","overlay-color":"","overlay-opacity":"","overlay-gradient":""},"tablet":{"background-color":"var(--ast-global-color-5)","background-image":"","background-repeat":"repeat","background-position":"center center","background-size":"auto","background-attachment":"scroll","background-type":"","background-media":"","overlay-type":"","overlay-color":"","overlay-opacity":"","overlay-gradient":""},"mobile":{"background-color":"var(--ast-global-color-5)","background-image":"","background-repeat":"repeat","background-position":"center center","background-size":"auto","background-attachment":"scroll","background-type":"","background-media":"","overlay-type":"","overlay-color":"","overlay-opacity":"","overlay-gradient":""}},"_joinchat":[],"footnotes":""},"aioseo_notices":[],"_links":{"self":[{"href":"https:\/\/capitanawines.com\/index.php\/wp-json\/wp\/v2\/pages\/136"}],"collection":[{"href":"https:\/\/capitanawines.com\/index.php\/wp-json\/wp\/v2\/pages"}],"about":[{"href":"https:\/\/capitanawines.com\/index.php\/wp-json\/wp\/v2\/types\/page"}],"author":[{"embeddable":true,"href":"https:\/\/capitanawines.com\/index.php\/wp-json\/wp\/v2\/users\/1"}],"replies":[{"embeddable":true,"href":"https:\/\/capitanawines.com\/index.php\/wp-json\/wp\/v2\/comments?post=136"}],"version-history":[{"count":4,"href":"https:\/\/capitanawines.com\/index.php\/wp-json\/wp\/v2\/pages\/136\/revisions"}],"predecessor-version":[{"id":141,"href":"https:\/\/capitanawines.com\/index.php\/wp-json\/wp\/v2\/pages\/136\/revisions\/141"}],"wp:attachment":[{"href":"https:\/\/capitanawines.com\/index.php\/wp-json\/wp\/v2\/media?parent=136"}],"curies":[{"name":"wp","href":"https:\/\/api.w.org\/{rel}","templated":true}]}}