{"id":116,"date":"2024-02-08T23:17:38","date_gmt":"2024-02-09T02:17:38","guid":{"rendered":"https:\/\/capitanawines.com\/?post_type=product&#038;p=116"},"modified":"2024-04-15T17:16:16","modified_gmt":"2024-04-15T20:16:16","slug":"sauvignon-blanc","status":"publish","type":"product","link":"https:\/\/capitanawines.com\/index.php\/product\/sauvignon-blanc\/","title":{"rendered":"Sauvignon Blanc"},"content":{"rendered":"<p>Herb\u00e1ceos y con algunas notas a frutas tropicales, con el maracuy\u00e1 a la cabeza. Equilibrado. En boca, es puro equilibrio, con un medio de boca balanceado entre la fruta y las hierbas y con una acidez medida. El recorrido no es de esos et\u00e9reos y delgad\u00edsimos, tiene cierto volumen y persistencia.<\/p>\n","protected":false},"excerpt":{"rendered":"<p>En el a\u00f1o 2002 Santiago Santamar\u00eda y su esposa Clarisa Aristi deciden mudarse desde su ciudad natal a Lujan de Cuyo para comenzar un proyecto vitivin\u00edcola familiar. Atra\u00eddos por la cultura de Mendoza y los imponentes paisajes, se animaron a incursionar en este maravilloso mundo del vino. Desde entonces est\u00e1n haciendo vinos reconocidos internacionalmente. En el 2010 junto a Tom Conel, quien comparte la misma pasi\u00f3n, fundan Calamaco con el objetivo de hacer vinos que reflejen la identidad del terru\u00f1o que los ve nacer y el cari\u00f1o de la gente que los crea.<\/p>\n","protected":false},"featured_media":62,"comment_status":"open","ping_status":"closed","template":"","meta":{"om_disable_all_campaigns":false,"_monsterinsights_skip_tracking":false,"_monsterinsights_sitenote_active":false,"_monsterinsights_sitenote_note":"","_monsterinsights_sitenote_category":0,"site-sidebar-layout":"default","site-content-layout":"","ast-site-content-layout":"default","site-content-style":"default","site-sidebar-style":"default","ast-global-header-display":"","ast-banner-title-visibility":"","ast-main-header-display":"","ast-hfb-above-header-display":"","ast-hfb-below-header-display":"","ast-hfb-mobile-header-display":"","site-post-title":"","ast-breadcrumbs-content":"","ast-featured-img":"","footer-sml-layout":"","ast-disable-related-posts":"","theme-transparent-header-meta":"default","adv-header-id-meta":"","stick-header-meta":"","header-above-stick-meta":"","header-main-stick-meta":"","header-below-stick-meta":"","astra-migrate-meta-layouts":"set","ast-page-background-enabled":"default","ast-page-background-meta":{"desktop":{"background-color":"var(--ast-global-color-4)","background-image":"","background-repeat":"repeat","background-position":"center center","background-size":"auto","background-attachment":"scroll","background-type":"","background-media":"","overlay-type":"","overlay-color":"","overlay-opacity":"","overlay-gradient":""},"tablet":{"background-color":"","background-image":"","background-repeat":"repeat","background-position":"center center","background-size":"auto","background-attachment":"scroll","background-type":"","background-media":"","overlay-type":"","overlay-color":"","overlay-opacity":"","overlay-gradient":""},"mobile":{"background-color":"","background-image":"","background-repeat":"repeat","background-position":"center center","background-size":"auto","background-attachment":"scroll","background-type":"","background-media":"","overlay-type":"","overlay-color":"","overlay-opacity":"","overlay-gradient":""}},"ast-content-background-meta":{"desktop":{"background-color":"var(--ast-global-color-5)","background-image":"","background-repeat":"repeat","background-position":"center center","background-size":"auto","background-attachment":"scroll","background-type":"","background-media":"","overlay-type":"","overlay-color":"","overlay-opacity":"","overlay-gradient":""},"tablet":{"background-color":"var(--ast-global-color-5)","background-image":"","background-repeat":"repeat","background-position":"center center","background-size":"auto","background-attachment":"scroll","background-type":"","background-media":"","overlay-type":"","overlay-color":"","overlay-opacity":"","overlay-gradient":""},"mobile":{"background-color":"var(--ast-global-color-5)","background-image":"","background-repeat":"repeat","background-position":"center center","background-size":"auto","background-attachment":"scroll","background-type":"","background-media":"","overlay-type":"","overlay-color":"","overlay-opacity":"","overlay-gradient":""}},"_joinchat":[]},"product_cat":[15],"product_tag":[],"aioseo_notices":[],"_links":{"self":[{"href":"https:\/\/capitanawines.com\/index.php\/wp-json\/wp\/v2\/product\/116"}],"collection":[{"href":"https:\/\/capitanawines.com\/index.php\/wp-json\/wp\/v2\/product"}],"about":[{"href":"https:\/\/capitanawines.com\/index.php\/wp-json\/wp\/v2\/types\/product"}],"replies":[{"embeddable":true,"href":"https:\/\/capitanawines.com\/index.php\/wp-json\/wp\/v2\/comments?post=116"}],"wp:featuredmedia":[{"embeddable":true,"href":"https:\/\/capitanawines.com\/index.php\/wp-json\/wp\/v2\/media\/62"}],"wp:attachment":[{"href":"https:\/\/capitanawines.com\/index.php\/wp-json\/wp\/v2\/media?parent=116"}],"wp:term":[{"taxonomy":"product_cat","embeddable":true,"href":"https:\/\/capitanawines.com\/index.php\/wp-json\/wp\/v2\/product_cat?post=116"},{"taxonomy":"product_tag","embeddable":true,"href":"https:\/\/capitanawines.com\/index.php\/wp-json\/wp\/v2\/product_tag?post=116"}],"curies":[{"name":"wp","href":"https:\/\/api.w.org\/{rel}","templated":true}]}}